{"id":19,"date":"2024-05-13T09:28:25","date_gmt":"2024-05-13T09:28:25","guid":{"rendered":"https:\/\/suvamedia.com\/?page_id=19"},"modified":"2025-01-15T12:41:31","modified_gmt":"2025-01-15T09:41:31","slug":"packages","status":"publish","type":"page","link":"https:\/\/suvamedia.com\/tr\/packages\/","title":{"rendered":"Paketlerimiz"},"content":{"rendered":"<p><\/p>\n<div class=\"container\">\n<form name=\"contactForm\" id=\"contactForm\" method=\"post\" action=\"\/mail.php\">\n<div id=\"leftSide\"><small>**L\u00fctfen yapt\u0131rmak istedi\u011finiz i\u015fi veya bilgi almak istedi\u011finiz paketi se\u00e7in ve ileti\u015fime ge\u00e7\u2019e bas\u0131n. Sizi en k\u0131sa s\u00fcrede arayaca\u011f\u0131z.<\/small><\/p>\n<div id=\"leftSideContainer\">\n<div id=\"mainForm\">\n<h3>\u0130\u015e TALEPLER\u0130<\/h3>\n<p><textarea id=\"description\" name=\"description\" placeholder=\"\ni\u015f se\u00e7imi yap\u0131n\u0131z...\" readonly><\/textarea><input type=\"text\" name=\"nameSurname\" id=\"nameSurname\" placeholder=\"\u0130sim Soyisim\"\/><input type=\"text\" name=\"phoneNumber\" id=\"phoneNumber\" placeholder=\"Telefon Numaras\u0131\"\/><input type=\"mail\" name=\"eMail\" id=\"eMail\" placeholder=\"E-posta\"\/><button type=\"button\" name=\"sendForm\" id=\"sendMessage\">\u0130leti\u015fime Ge\u00e7<\/button><\/div>\n<div id=\"workTypes\"><strong>Sosyal Medya Y\u00f6netimi<\/strong><label><input type=\"checkbox\" value=\"\u0130\u00e7erik Payla\u015f\u0131m\u0131 ve Tasar\u0131m\u0131\"\/><span class=\"checkmark\"><\/span>\u0130\u00e7erik Payla\u015f\u0131m\u0131 ve Tasar\u0131m\u0131<\/label><label><input type=\"checkbox\" value=\"ADS Hizmeti ve Kitle Analizi\"\/><span class=\"checkmark\"><\/span>ADS Hizmeti ve Kitle Analizi<\/label><label><input type=\"checkbox\" value=\"Etkinlik ve Promosyon Organizasyonlar\u0131\"\/><span class=\"checkmark\"><\/span>Etkinlik ve Promosyon Organizasyonlar\u0131<\/label><label><input type=\"checkbox\" value=\"Detayl\u0131 Raporlama\"\/><span class=\"checkmark\"><\/span>Detayl\u0131 Raporlama<\/label><strong>Grafik Tasar\u0131m<\/strong><label><input type=\"checkbox\" value=\"Banner\/Post Tasar\u0131mlar\u0131\"\/><span class=\"checkmark\"><\/span>Banner\/Post Tasar\u0131mlar\u0131<\/label><label><input type=\"checkbox\" value=\"Web Sitesi Tasar\u0131mlar\u0131\"\/><span class=\"checkmark\"><\/span>Web Sitesi Tasar\u0131mlar\u0131<\/label><label><input type=\"checkbox\" value=\"Video Edit \u0130\u015flemleri\"\/><span class=\"checkmark\"><\/span>Video Edit \u0130\u015flemleri<\/label><strong>Seo<\/strong><label><input type=\"checkbox\" value=\"Site i\u00e7eri\u011fi ve SEO Uyumlu Hale Getirilmesi\"\/><span class=\"checkmark\"><\/span>Site i\u00e7eri\u011fi ve SEO Uyumlu Hale Getirilmesi<\/label><label><input type=\"checkbox\" value=\"Google Analitik ve Search Console Ayarlar\u0131\"\/><span class=\"checkmark\"><\/span>Google Analitik ve Search Console Ayarlar\u0131<\/label><label><input type=\"checkbox\" value=\"\u00d6zg\u00fcn Makale Yaz\u0131m\u0131 ve Payla\u015f\u0131m\u0131\"\/><span class=\"checkmark\"><\/span>\u00d6zg\u00fcn Makale Yaz\u0131m\u0131 ve Payla\u015f\u0131m\u0131<\/label><strong>Yaz\u0131l\u0131msal Destek<\/strong><label><input type=\"checkbox\" value=\"Server Kurulumu ve Domain \u0130\u015flemleri\"\/><span class=\"checkmark\"><\/span>Server Kurulumu ve Domain \u0130\u015flemleri<\/label><label><input type=\"checkbox\" value=\"CSS D\u00f6k\u00fcmleri\"\/><span class=\"checkmark\"><\/span>CSS D\u00f6k\u00fcmleri<\/label><label><input type=\"checkbox\" value=\"Yaz\u0131l\u0131m Destek Hizmetleri\"\/><span class=\"checkmark\"><\/span>Yaz\u0131l\u0131m Destek Hizmetleri<\/label><\/div>\n<\/div>\n<\/div>\n<div id=\"rightSide\">\n<div id=\"package1\"><strong>Medya Paketi<\/strong><span><img decoding=\"async\" src=\"\/wp-content\/uploads\/2024\/07\/confirm-icon.png\" \/>\u0130nstagram\/ Facebook\/ Google Reklamlar\u0131<\/span><span><img decoding=\"async\" src=\"\/wp-content\/uploads\/2024\/07\/confirm-icon.png\" \/>Post, Story ve Reels Tasar\u0131mlar\u0131<\/span><span><img decoding=\"async\" src=\"\/wp-content\/uploads\/2024\/07\/confirm-icon.png\" \/>Hedef Kitle Analizi ve Kitle Y\u00f6netimi<\/span><\/p>\n<div><label><input type=\"checkbox\" value=\"Medya Paketi\"\/><span class=\"checkmark\"><\/span><\/label><a href=\"javascript:;\">Detayl\u0131 Bilgi<\/a><\/div>\n<\/div>\n<div id=\"package2\"><strong>Yaz\u0131l\u0131m Paketi<\/strong><span><img decoding=\"async\" src=\"\/wp-content\/uploads\/2024\/07\/confirm-icon.png\" \/>Proje Ara\u015ft\u0131rma ve Geli\u015ftirme<\/span><span><img decoding=\"async\" src=\"\/wp-content\/uploads\/2024\/07\/confirm-icon.png\" \/>\u0130nternet Sitesi Tasar\u0131m ve Kurulumu<\/span><span><img decoding=\"async\" src=\"\/wp-content\/uploads\/2024\/07\/confirm-icon.png\" \/>Amaca Uygun \u00dcr\u00fcn \u00dcretimi ve \u00c7\u00f6z\u00fcmler<\/span><\/p>\n<div><label><input type=\"checkbox\" value=\"Yaz\u0131l\u0131m Paketi\"\/><span class=\"checkmark\"><\/span><\/label><a href=\"javascript:;\">Detayl\u0131 Bilgi<\/a><\/div>\n<\/div>\n<div id=\"package3\"><strong>QR Men\u00fc<\/strong><span><img decoding=\"async\" src=\"\/wp-content\/uploads\/2024\/07\/confirm-icon.png\" \/>Instagram\/Facebook\/Google Reklamlar\u0131<\/span><span><img decoding=\"async\" src=\"\/wp-content\/uploads\/2024\/07\/confirm-icon.png\" \/>Post, Hikaye, Video Tasar\u0131m\u0131<\/span><span><img decoding=\"async\" src=\"\/wp-content\/uploads\/2024\/07\/confirm-icon.png\" \/>Hedef kitle analizi ve hedef kitle y\u00f6netim<\/span><\/p>\n<div><label><input type=\"checkbox\" value=\"QR Men\u00fc\"\/><span class=\"checkmark\"><\/span><\/label><a href=\"javascript:;\">Detayl\u0131 Bilgi<\/a><\/div>\n<\/div>\n<\/div>\n<\/div>\n<\/form>\n<\/div>\n<p><\/p>","protected":false},"excerpt":{"rendered":"<p>**L\u00fctfen yapt\u0131rmak istedi\u011finiz i\u015fi veya bilgi almak istedi\u011finiz paketi se\u00e7in ve ileti\u015fime ge\u00e7\u2019e bas\u0131n. Sizi en k\u0131sa s\u00fcrede arayaca\u011f\u0131z. \u0130\u015e TALEPLER\u0130 \u0130leti\u015fime Ge\u00e7 Sosyal Medya Y\u00f6netimi\u0130\u00e7erik Payla\u015f\u0131m\u0131 ve Tasar\u0131m\u0131ADS Hizmeti ve Kitle AnaliziEtkinlik ve Promosyon Organizasyonlar\u0131Detayl\u0131 RaporlamaGrafik Tasar\u0131mBanner\/Post Tasar\u0131mlar\u0131Web Sitesi Tasar\u0131mlar\u0131Video Edit \u0130\u015flemleriSeoSite i\u00e7eri\u011fi ve SEO Uyumlu Hale GetirilmesiGoogle Analitik ve Search Console Ayarlar\u0131\u00d6zg\u00fcn Makale [&hellip;]<\/p>\n","protected":false},"author":1,"featured_media":0,"parent":0,"menu_order":3,"comment_status":"closed","ping_status":"closed","template":"","meta":{"footnotes":""},"_links":{"self":[{"href":"https:\/\/suvamedia.com\/tr\/wp-json\/wp\/v2\/pages\/19"}],"collection":[{"href":"https:\/\/suvamedia.com\/tr\/wp-json\/wp\/v2\/pages"}],"about":[{"href":"https:\/\/suvamedia.com\/tr\/wp-json\/wp\/v2\/types\/page"}],"author":[{"embeddable":true,"href":"https:\/\/suvamedia.com\/tr\/wp-json\/wp\/v2\/users\/1"}],"replies":[{"embeddable":true,"href":"https:\/\/suvamedia.com\/tr\/wp-json\/wp\/v2\/comments?post=19"}],"version-history":[{"count":80,"href":"https:\/\/suvamedia.com\/tr\/wp-json\/wp\/v2\/pages\/19\/revisions"}],"predecessor-version":[{"id":234,"href":"https:\/\/suvamedia.com\/tr\/wp-json\/wp\/v2\/pages\/19\/revisions\/234"}],"wp:attachment":[{"href":"https:\/\/suvamedia.com\/tr\/wp-json\/wp\/v2\/media?parent=19"}],"curies":[{"name":"wp","href":"https:\/\/api.w.org\/{rel}","templated":true}]}}