{"id":2,"date":"2024-05-13T07:08:27","date_gmt":"2024-05-13T07:08:27","guid":{"rendered":"http:\/\/suvamedia.com\/?page_id=2"},"modified":"2024-12-03T10:05:21","modified_gmt":"2024-12-03T10:05:21","slug":"sample-page","status":"publish","type":"page","link":"https:\/\/suvamedia.com\/tr\/","title":{"rendered":"Anasayfa"},"content":{"rendered":"<p><\/p>\n<section id=\"equipments\">\n<div class=\"container\">\n<div>\n<h3>G\u00fcncel Teknoloji ve Geli\u015fmi\u015f Ekipmanlar<\/h3>\n<p>En iyi ve en g\u00fcncel ekipmanlarla, kafan\u0131zdakini\u2028ger\u00e7e\u011fe \u00e7eviriyoruz.\n<\/p><\/div>\n<p><img decoding=\"async\" src=\"http:\/\/suvamedia.com\/wp-content\/uploads\/2024\/07\/equipment-300x180.png\" \/><\/div>\n<\/section>\n<section id=\"works\">\n<div class=\"container\">\n<h3>\u00c7al\u0131\u015fmalar\u0131m\u0131z ve Projelerimiz<\/h3>\n<div class=\"carousel-slider-outer carousel-slider-outer-image-carousel carousel-slider-outer-34\" style=\"--carousel-slider-nav-color:rgb(79,191,154);--carousel-slider-active-nav-color:#00d1b2;--carousel-slider-arrow-size:48px;--carousel-slider-bullet-size:10px\">\n<div id=\"&#039;id-34\" class=\"carousel-slider carousel-slider-34 arrows-visibility-always dots-visibility-never arrows-outside dots-center dots-circle owl-carousel\" data-slide-type=\"image-carousel\" data-owl-settings='{\"nav\":true,\"dots\":false,\"slideBy\":1,\"stagePadding\":0,\"margin\":30,\"loop\":true,\"lazyLoad\":false,\"autoplay\":true,\"autoplayTimeout\":5000,\"autoplaySpeed\":500,\"autoplayHoverPause\":true,\"autoWidth\":false,\"responsive\":{\"300\":{\"items\":1},\"576\":{\"items\":2},\"768\":{\"items\":2},\"1024\":{\"items\":3},\"1280\":{\"items\":3},\"1536\":{\"items\":3}}}'>\n<div class=\"carousel-slider__item\">\n\t<img loading=\"lazy\" decoding=\"async\" width=\"768\" height=\"576\" src=\"https:\/\/suvamedia.com\/wp-content\/uploads\/2025\/01\/BeigeProductBanner-1-768x576.png\" class=\"attachment-medium_large size-medium_large\" alt=\"\" srcset=\"https:\/\/suvamedia.com\/wp-content\/uploads\/2025\/01\/BeigeProductBanner-1-768x576.png 768w, https:\/\/suvamedia.com\/wp-content\/uploads\/2025\/01\/BeigeProductBanner-1-300x225.png 300w, https:\/\/suvamedia.com\/wp-content\/uploads\/2025\/01\/BeigeProductBanner-1-1024x768.png 1024w, https:\/\/suvamedia.com\/wp-content\/uploads\/2025\/01\/BeigeProductBanner-1.png 1200w\" sizes=\"(max-width: 768px) 100vw, 768px\" \/><\/a><\/div>\n\n<div class=\"carousel-slider__item\">\n\t<img loading=\"lazy\" decoding=\"async\" width=\"768\" height=\"576\" src=\"https:\/\/suvamedia.com\/wp-content\/uploads\/2024\/07\/cyp-768x576.png\" class=\"attachment-medium_large size-medium_large\" alt=\"\" srcset=\"https:\/\/suvamedia.com\/wp-content\/uploads\/2024\/07\/cyp-768x576.png 768w, https:\/\/suvamedia.com\/wp-content\/uploads\/2024\/07\/cyp-300x225.png 300w, https:\/\/suvamedia.com\/wp-content\/uploads\/2024\/07\/cyp-1024x768.png 1024w, https:\/\/suvamedia.com\/wp-content\/uploads\/2024\/07\/cyp.png 1200w\" sizes=\"(max-width: 768px) 100vw, 768px\" \/><\/a><\/div>\n\n<div class=\"carousel-slider__item\">\n\t<img loading=\"lazy\" decoding=\"async\" width=\"768\" height=\"576\" src=\"https:\/\/suvamedia.com\/wp-content\/uploads\/2025\/01\/ParionProduct-768x576.png\" class=\"attachment-medium_large size-medium_large\" alt=\"\" srcset=\"https:\/\/suvamedia.com\/wp-content\/uploads\/2025\/01\/ParionProduct-768x576.png 768w, https:\/\/suvamedia.com\/wp-content\/uploads\/2025\/01\/ParionProduct-300x225.png 300w, https:\/\/suvamedia.com\/wp-content\/uploads\/2025\/01\/ParionProduct-1024x768.png 1024w, https:\/\/suvamedia.com\/wp-content\/uploads\/2025\/01\/ParionProduct.png 1200w\" sizes=\"(max-width: 768px) 100vw, 768px\" \/><\/a><\/div>\n\n<div class=\"carousel-slider__item\">\n\t<img loading=\"lazy\" decoding=\"async\" width=\"768\" height=\"576\" src=\"https:\/\/suvamedia.com\/wp-content\/uploads\/2025\/12\/crypto-768x576.png\" class=\"attachment-medium_large size-medium_large\" alt=\"\" srcset=\"https:\/\/suvamedia.com\/wp-content\/uploads\/2025\/12\/crypto-768x576.png 768w, https:\/\/suvamedia.com\/wp-content\/uploads\/2025\/12\/crypto-300x225.png 300w, https:\/\/suvamedia.com\/wp-content\/uploads\/2025\/12\/crypto-1024x768.png 1024w, https:\/\/suvamedia.com\/wp-content\/uploads\/2025\/12\/crypto.png 1200w\" sizes=\"(max-width: 768px) 100vw, 768px\" \/><\/a><\/div>\n\n<div class=\"carousel-slider__item\">\n\t<img loading=\"lazy\" decoding=\"async\" width=\"768\" height=\"576\" src=\"https:\/\/suvamedia.com\/wp-content\/uploads\/2025\/12\/swap-768x576.png\" class=\"attachment-medium_large size-medium_large\" alt=\"\" srcset=\"https:\/\/suvamedia.com\/wp-content\/uploads\/2025\/12\/swap-768x576.png 768w, https:\/\/suvamedia.com\/wp-content\/uploads\/2025\/12\/swap-300x225.png 300w, https:\/\/suvamedia.com\/wp-content\/uploads\/2025\/12\/swap-1024x768.png 1024w, https:\/\/suvamedia.com\/wp-content\/uploads\/2025\/12\/swap.png 1200w\" sizes=\"(max-width: 768px) 100vw, 768px\" \/><\/a><\/div>\n\n<div class=\"carousel-slider__item\">\n\t<img loading=\"lazy\" decoding=\"async\" width=\"768\" height=\"576\" src=\"https:\/\/suvamedia.com\/wp-content\/uploads\/2025\/12\/altuner-768x576.png\" class=\"attachment-medium_large size-medium_large\" alt=\"\" srcset=\"https:\/\/suvamedia.com\/wp-content\/uploads\/2025\/12\/altuner-768x576.png 768w, https:\/\/suvamedia.com\/wp-content\/uploads\/2025\/12\/altuner-300x225.png 300w, https:\/\/suvamedia.com\/wp-content\/uploads\/2025\/12\/altuner-1024x768.png 1024w, https:\/\/suvamedia.com\/wp-content\/uploads\/2025\/12\/altuner.png 1200w\" sizes=\"(max-width: 768px) 100vw, 768px\" \/><\/a><\/div>\n\n<div class=\"carousel-slider__item\">\n\t<img loading=\"lazy\" decoding=\"async\" width=\"768\" height=\"576\" src=\"https:\/\/suvamedia.com\/wp-content\/uploads\/2025\/12\/Sahinsoy-768x576.png\" class=\"attachment-medium_large size-medium_large\" alt=\"\" srcset=\"https:\/\/suvamedia.com\/wp-content\/uploads\/2025\/12\/Sahinsoy-768x576.png 768w, https:\/\/suvamedia.com\/wp-content\/uploads\/2025\/12\/Sahinsoy-300x225.png 300w, https:\/\/suvamedia.com\/wp-content\/uploads\/2025\/12\/Sahinsoy-1024x768.png 1024w, https:\/\/suvamedia.com\/wp-content\/uploads\/2025\/12\/Sahinsoy.png 1200w\" sizes=\"(max-width: 768px) 100vw, 768px\" \/><\/a><\/div>\n\n<\/div><!-- .carousel-slider-34 -->\n<\/div><!-- .carousel-slider-outer-34 -->\n\n<\/div>\n<\/section>\n<div class=\"container\"><\/div>\n<p><\/p>","protected":false},"excerpt":{"rendered":"<p>G\u00fcncel Teknoloji ve Geli\u015fmi\u015f Ekipmanlar En iyi ve en g\u00fcncel ekipmanlarla, kafan\u0131zdakini\u2028ger\u00e7e\u011fe \u00e7eviriyoruz. \u00c7al\u0131\u015fmalar\u0131m\u0131z ve Projelerimiz<\/p>\n","protected":false},"author":1,"featured_media":0,"parent":0,"menu_order":0,"comment_status":"closed","ping_status":"open","template":"page-no-title","meta":{"footnotes":""},"_links":{"self":[{"href":"https:\/\/suvamedia.com\/tr\/wp-json\/wp\/v2\/pages\/2"}],"collection":[{"href":"https:\/\/suvamedia.com\/tr\/wp-json\/wp\/v2\/pages"}],"about":[{"href":"https:\/\/suvamedia.com\/tr\/wp-json\/wp\/v2\/types\/page"}],"author":[{"embeddable":true,"href":"https:\/\/suvamedia.com\/tr\/wp-json\/wp\/v2\/users\/1"}],"replies":[{"embeddable":true,"href":"https:\/\/suvamedia.com\/tr\/wp-json\/wp\/v2\/comments?post=2"}],"version-history":[{"count":25,"href":"https:\/\/suvamedia.com\/tr\/wp-json\/wp\/v2\/pages\/2\/revisions"}],"predecessor-version":[{"id":209,"href":"https:\/\/suvamedia.com\/tr\/wp-json\/wp\/v2\/pages\/2\/revisions\/209"}],"wp:attachment":[{"href":"https:\/\/suvamedia.com\/tr\/wp-json\/wp\/v2\/media?parent=2"}],"curies":[{"name":"wp","href":"https:\/\/api.w.org\/{rel}","templated":true}]}}